{"id":85,"date":"2020-03-09T09:28:45","date_gmt":"2020-03-09T09:28:45","guid":{"rendered":"https:\/\/atelier925.ch\/?page_id=85"},"modified":"2020-11-14T12:02:26","modified_gmt":"2020-11-14T12:02:26","slug":"guertel","status":"publish","type":"page","link":"https:\/\/atelier925.ch\/?page_id=85","title":{"rendered":"G\u00fcrtel"},"content":{"rendered":"\n<p>Die G\u00fcrtel stelle ich in sorgf\u00e4ltiger Handarbeit her. Dabei wird jede Schnalle als Einzelst\u00fcck im Sandgussverfahren in Silber, Bronze oder Shibuichi gegossen. <br>Die Gusshaut weist eine nat\u00fcrliche Patina auf, welche sich mit dem Tragen zu einer individuellen Oberfl\u00e4che entwickelt.<\/p>\n\n\n\n<p>Das Leder stammt von Tieren, die im Voralpenraum weideten. Es wurde in Italien pflanzlich gegerbt, im Emmental veredelt und zum Schluss in Oberwil zu G\u00fcrteln verarbeitet.<\/p>\n\n\n\n<p><\/p>\n\n\n\n<figure class=\"wp-block-image size-large\"><img loading=\"lazy\" decoding=\"async\" width=\"1024\" height=\"768\" src=\"https:\/\/atelier925.ch\/wp-content\/uploads\/2020\/03\/G\u00fcrtel_grafisch_Silber-1024x768.jpg\" alt=\"\" class=\"wp-image-137\" srcset=\"https:\/\/atelier925.ch\/wp-content\/uploads\/2020\/03\/G\u00fcrtel_grafisch_Silber-1024x768.jpg 1024w, https:\/\/atelier925.ch\/wp-content\/uploads\/2020\/03\/G\u00fcrtel_grafisch_Silber-300x225.jpg 300w, https:\/\/atelier925.ch\/wp-content\/uploads\/2020\/03\/G\u00fcrtel_grafisch_Silber-768x576.jpg 768w, https:\/\/atelier925.ch\/wp-content\/uploads\/2020\/03\/G\u00fcrtel_grafisch_Silber-1536x1152.jpg 1536w, https:\/\/atelier925.ch\/wp-content\/uploads\/2020\/03\/G\u00fcrtel_grafisch_Silber.jpg 2016w\" sizes=\"auto, (max-width: 767px) 89vw, (max-width: 1000px) 54vw, (max-width: 1071px) 543px, 580px\" \/><figcaption>G\u00fcrtel Graphic, Silber 925<\/figcaption><\/figure>\n\n\n\n<figure class=\"wp-block-image size-large\"><img loading=\"lazy\" decoding=\"async\" width=\"1024\" height=\"768\" src=\"https:\/\/atelier925.ch\/wp-content\/uploads\/2020\/11\/Gu\u0308rtel-Trompe-loeil_2-1024x768.jpg\" alt=\"\" class=\"wp-image-235\" srcset=\"https:\/\/atelier925.ch\/wp-content\/uploads\/2020\/11\/Gu\u0308rtel-Trompe-loeil_2-1024x768.jpg 1024w, https:\/\/atelier925.ch\/wp-content\/uploads\/2020\/11\/Gu\u0308rtel-Trompe-loeil_2-300x225.jpg 300w, https:\/\/atelier925.ch\/wp-content\/uploads\/2020\/11\/Gu\u0308rtel-Trompe-loeil_2-768x576.jpg 768w, https:\/\/atelier925.ch\/wp-content\/uploads\/2020\/11\/Gu\u0308rtel-Trompe-loeil_2-1536x1152.jpg 1536w, https:\/\/atelier925.ch\/wp-content\/uploads\/2020\/11\/Gu\u0308rtel-Trompe-loeil_2-2048x1536.jpg 2048w\" sizes=\"auto, (max-width: 767px) 89vw, (max-width: 1000px) 54vw, (max-width: 1071px) 543px, 580px\" \/><figcaption>G\u00fcrtel Trompe-l\u2019\u0153il, Bronze<\/figcaption><\/figure>\n\n\n\n<figure class=\"wp-block-image size-large\"><img loading=\"lazy\" decoding=\"async\" width=\"1024\" height=\"768\" src=\"https:\/\/atelier925.ch\/wp-content\/uploads\/2020\/11\/Gu\u0308rtel-Trompe-loeil_1-1024x768.jpg\" alt=\"\" class=\"wp-image-234\" srcset=\"https:\/\/atelier925.ch\/wp-content\/uploads\/2020\/11\/Gu\u0308rtel-Trompe-loeil_1-1024x768.jpg 1024w, https:\/\/atelier925.ch\/wp-content\/uploads\/2020\/11\/Gu\u0308rtel-Trompe-loeil_1-300x225.jpg 300w, https:\/\/atelier925.ch\/wp-content\/uploads\/2020\/11\/Gu\u0308rtel-Trompe-loeil_1-768x576.jpg 768w, https:\/\/atelier925.ch\/wp-content\/uploads\/2020\/11\/Gu\u0308rtel-Trompe-loeil_1-1536x1152.jpg 1536w, https:\/\/atelier925.ch\/wp-content\/uploads\/2020\/11\/Gu\u0308rtel-Trompe-loeil_1-2048x1536.jpg 2048w\" sizes=\"auto, (max-width: 767px) 89vw, (max-width: 1000px) 54vw, (max-width: 1071px) 543px, 580px\" \/><figcaption>G\u00fcrtel Trompe-l\u2019\u0153il, Bronze<\/figcaption><\/figure>\n\n\n\n<figure class=\"wp-block-image size-large\"><img loading=\"lazy\" decoding=\"async\" width=\"1024\" height=\"768\" src=\"https:\/\/atelier925.ch\/wp-content\/uploads\/2020\/03\/Spitzenguertel-1024x768.jpg\" alt=\"\" class=\"wp-image-76\" srcset=\"https:\/\/atelier925.ch\/wp-content\/uploads\/2020\/03\/Spitzenguertel-1024x768.jpg 1024w, https:\/\/atelier925.ch\/wp-content\/uploads\/2020\/03\/Spitzenguertel-300x225.jpg 300w, https:\/\/atelier925.ch\/wp-content\/uploads\/2020\/03\/Spitzenguertel-768x576.jpg 768w, https:\/\/atelier925.ch\/wp-content\/uploads\/2020\/03\/Spitzenguertel-1536x1152.jpg 1536w, https:\/\/atelier925.ch\/wp-content\/uploads\/2020\/03\/Spitzenguertel-2048x1536.jpg 2048w\" sizes=\"auto, (max-width: 767px) 89vw, (max-width: 1000px) 54vw, (max-width: 1071px) 543px, 580px\" \/><figcaption>Spitzeng\u00fcrtel, Bronze<\/figcaption><\/figure>\n","protected":false},"excerpt":{"rendered":"<p>Die G\u00fcrtel stelle ich in sorgf\u00e4ltiger Handarbeit her. Dabei wird jede Schnalle als Einzelst\u00fcck im Sandgussverfahren in Silber, Bronze oder Shibuichi gegossen. Die Gusshaut weist eine nat\u00fcrliche Patina auf, welche sich mit dem Tragen zu einer individuellen Oberfl\u00e4che entwickelt. Das Leder stammt von Tieren, die im Voralpenraum weideten. Es wurde in Italien pflanzlich gegerbt, im &hellip; <\/p>\n<p class=\"link-more\"><a href=\"https:\/\/atelier925.ch\/?page_id=85\" class=\"more-link\"><span class=\"screen-reader-text\">&#171;G\u00fcrtel&#187;<\/span> weiterlesen<\/a><\/p>\n","protected":false},"author":1,"featured_media":0,"parent":0,"menu_order":0,"comment_status":"closed","ping_status":"closed","template":"","meta":{"footnotes":""},"class_list":["post-85","page","type-page","status-publish","hentry"],"_links":{"self":[{"href":"https:\/\/atelier925.ch\/index.php?rest_route=\/wp\/v2\/pages\/85","targetHints":{"allow":["GET"]}}],"collection":[{"href":"https:\/\/atelier925.ch\/index.php?rest_route=\/wp\/v2\/pages"}],"about":[{"href":"https:\/\/atelier925.ch\/index.php?rest_route=\/wp\/v2\/types\/page"}],"author":[{"embeddable":true,"href":"https:\/\/atelier925.ch\/index.php?rest_route=\/wp\/v2\/users\/1"}],"replies":[{"embeddable":true,"href":"https:\/\/atelier925.ch\/index.php?rest_route=%2Fwp%2Fv2%2Fcomments&post=85"}],"version-history":[{"count":10,"href":"https:\/\/atelier925.ch\/index.php?rest_route=\/wp\/v2\/pages\/85\/revisions"}],"predecessor-version":[{"id":252,"href":"https:\/\/atelier925.ch\/index.php?rest_route=\/wp\/v2\/pages\/85\/revisions\/252"}],"wp:attachment":[{"href":"https:\/\/atelier925.ch\/index.php?rest_route=%2Fwp%2Fv2%2Fmedia&parent=85"}],"curies":[{"name":"wp","href":"https:\/\/api.w.org\/{rel}","templated":true}]}}