{"id":94,"date":"2020-03-09T09:39:49","date_gmt":"2020-03-09T09:39:49","guid":{"rendered":"https:\/\/atelier925.ch\/?page_id=94"},"modified":"2021-09-04T16:31:26","modified_gmt":"2021-09-04T16:31:26","slug":"loeffel","status":"publish","type":"page","link":"https:\/\/atelier925.ch\/?page_id=94","title":{"rendered":"L\u00f6ffel"},"content":{"rendered":"\n<p>Schmieden und Giessen sind beides urspr\u00fcngliche Techniken der Metallbearbeitung. Sie erm\u00f6glichen jedoch ganz unterschiedliche Formen und weisen spezifische Eigenschaften auf. Die L\u00f6ffel zeichnen sich durch die Kombination der beiden Techniken aus. Die L\u00f6ffel sind als Einzelst\u00fccke konzipiert, zum Beispiel f\u00fcrs Fr\u00fchst\u00fccksm\u00fcsli.<\/p>\n\n\n\n<figure class=\"wp-block-image size-large\"><img loading=\"lazy\" decoding=\"async\" width=\"1024\" height=\"404\" src=\"https:\/\/atelier925.ch\/wp-content\/uploads\/2020\/03\/L\u00f6ffel_Ausschnitt-1024x404.jpg\" alt=\"\" class=\"wp-image-161\" srcset=\"https:\/\/atelier925.ch\/wp-content\/uploads\/2020\/03\/L\u00f6ffel_Ausschnitt-1024x404.jpg 1024w, https:\/\/atelier925.ch\/wp-content\/uploads\/2020\/03\/L\u00f6ffel_Ausschnitt-300x118.jpg 300w, https:\/\/atelier925.ch\/wp-content\/uploads\/2020\/03\/L\u00f6ffel_Ausschnitt-768x303.jpg 768w, https:\/\/atelier925.ch\/wp-content\/uploads\/2020\/03\/L\u00f6ffel_Ausschnitt-1536x605.jpg 1536w, https:\/\/atelier925.ch\/wp-content\/uploads\/2020\/03\/L\u00f6ffel_Ausschnitt-2048x807.jpg 2048w\" sizes=\"auto, (max-width: 767px) 89vw, (max-width: 1000px) 54vw, (max-width: 1071px) 543px, 580px\" \/><\/figure>\n\n\n\n<figure class=\"wp-block-image size-large\"><img loading=\"lazy\" decoding=\"async\" width=\"1024\" height=\"492\" src=\"https:\/\/atelier925.ch\/wp-content\/uploads\/2021\/07\/Lo\u0308ffel_Knospen-1024x492.jpg\" alt=\"\" class=\"wp-image-272\" srcset=\"https:\/\/atelier925.ch\/wp-content\/uploads\/2021\/07\/Lo\u0308ffel_Knospen-1024x492.jpg 1024w, https:\/\/atelier925.ch\/wp-content\/uploads\/2021\/07\/Lo\u0308ffel_Knospen-300x144.jpg 300w, https:\/\/atelier925.ch\/wp-content\/uploads\/2021\/07\/Lo\u0308ffel_Knospen-768x369.jpg 768w, https:\/\/atelier925.ch\/wp-content\/uploads\/2021\/07\/Lo\u0308ffel_Knospen-1536x737.jpg 1536w, https:\/\/atelier925.ch\/wp-content\/uploads\/2021\/07\/Lo\u0308ffel_Knospen-2048x983.jpg 2048w\" sizes=\"auto, (max-width: 767px) 89vw, (max-width: 1000px) 54vw, (max-width: 1071px) 543px, 580px\" \/><figcaption>L\u00f6ffel, Silber 925, gegossen und geschmiedet<\/figcaption><\/figure>\n\n\n\n<figure class=\"wp-block-image size-large\"><img loading=\"lazy\" decoding=\"async\" width=\"1024\" height=\"488\" src=\"https:\/\/atelier925.ch\/wp-content\/uploads\/2021\/07\/Lo\u0308ffel_wildeMo\u0308hre-1024x488.jpg\" alt=\"\" class=\"wp-image-274\" srcset=\"https:\/\/atelier925.ch\/wp-content\/uploads\/2021\/07\/Lo\u0308ffel_wildeMo\u0308hre-1024x488.jpg 1024w, https:\/\/atelier925.ch\/wp-content\/uploads\/2021\/07\/Lo\u0308ffel_wildeMo\u0308hre-300x143.jpg 300w, https:\/\/atelier925.ch\/wp-content\/uploads\/2021\/07\/Lo\u0308ffel_wildeMo\u0308hre-768x366.jpg 768w, https:\/\/atelier925.ch\/wp-content\/uploads\/2021\/07\/Lo\u0308ffel_wildeMo\u0308hre-1536x732.jpg 1536w, https:\/\/atelier925.ch\/wp-content\/uploads\/2021\/07\/Lo\u0308ffel_wildeMo\u0308hre-2048x976.jpg 2048w\" sizes=\"auto, (max-width: 767px) 89vw, (max-width: 1000px) 54vw, (max-width: 1071px) 543px, 580px\" \/><figcaption>L\u00f6ffel wilde M\u00f6hre, Silber 925 und Bronze, geschmiedet und gegossen<\/figcaption><\/figure>\n\n\n\n<figure class=\"wp-block-image size-large\"><img loading=\"lazy\" decoding=\"async\" width=\"1024\" height=\"488\" src=\"https:\/\/atelier925.ch\/wp-content\/uploads\/2021\/07\/Lo\u0308ffel_Knoten-1024x488.jpg\" alt=\"\" class=\"wp-image-273\" srcset=\"https:\/\/atelier925.ch\/wp-content\/uploads\/2021\/07\/Lo\u0308ffel_Knoten-1024x488.jpg 1024w, https:\/\/atelier925.ch\/wp-content\/uploads\/2021\/07\/Lo\u0308ffel_Knoten-300x143.jpg 300w, https:\/\/atelier925.ch\/wp-content\/uploads\/2021\/07\/Lo\u0308ffel_Knoten-768x366.jpg 768w, https:\/\/atelier925.ch\/wp-content\/uploads\/2021\/07\/Lo\u0308ffel_Knoten-1536x732.jpg 1536w, https:\/\/atelier925.ch\/wp-content\/uploads\/2021\/07\/Lo\u0308ffel_Knoten-2048x976.jpg 2048w\" sizes=\"auto, (max-width: 767px) 89vw, (max-width: 1000px) 54vw, (max-width: 1071px) 543px, 580px\" \/><figcaption>L\u00f6ffel Knoten, <em>Silber 925 und Bronze, geschmiedet und gegossen<\/em><\/figcaption><\/figure>\n\n\n\n<p><\/p>\n","protected":false},"excerpt":{"rendered":"<p>Schmieden und Giessen sind beides urspr\u00fcngliche Techniken der Metallbearbeitung. Sie erm\u00f6glichen jedoch ganz unterschiedliche Formen und weisen spezifische Eigenschaften auf. Die L\u00f6ffel zeichnen sich durch die Kombination der beiden Techniken aus. Die L\u00f6ffel sind als Einzelst\u00fccke konzipiert, zum Beispiel f\u00fcrs Fr\u00fchst\u00fccksm\u00fcsli.<\/p>\n","protected":false},"author":1,"featured_media":0,"parent":0,"menu_order":0,"comment_status":"closed","ping_status":"closed","template":"","meta":{"footnotes":""},"class_list":["post-94","page","type-page","status-publish","hentry"],"_links":{"self":[{"href":"https:\/\/atelier925.ch\/index.php?rest_route=\/wp\/v2\/pages\/94","targetHints":{"allow":["GET"]}}],"collection":[{"href":"https:\/\/atelier925.ch\/index.php?rest_route=\/wp\/v2\/pages"}],"about":[{"href":"https:\/\/atelier925.ch\/index.php?rest_route=\/wp\/v2\/types\/page"}],"author":[{"embeddable":true,"href":"https:\/\/atelier925.ch\/index.php?rest_route=\/wp\/v2\/users\/1"}],"replies":[{"embeddable":true,"href":"https:\/\/atelier925.ch\/index.php?rest_route=%2Fwp%2Fv2%2Fcomments&post=94"}],"version-history":[{"count":12,"href":"https:\/\/atelier925.ch\/index.php?rest_route=\/wp\/v2\/pages\/94\/revisions"}],"predecessor-version":[{"id":309,"href":"https:\/\/atelier925.ch\/index.php?rest_route=\/wp\/v2\/pages\/94\/revisions\/309"}],"wp:attachment":[{"href":"https:\/\/atelier925.ch\/index.php?rest_route=%2Fwp%2Fv2%2Fmedia&parent=94"}],"curies":[{"name":"wp","href":"https:\/\/api.w.org\/{rel}","templated":true}]}}